{"id":5,"date":"2019-09-20T02:55:38","date_gmt":"2019-09-20T02:55:38","guid":{"rendered":"https:\/\/portafolio.seguridadenlinea.com.co\/?page_id=5"},"modified":"2025-03-06T16:03:12","modified_gmt":"2025-03-06T16:03:12","slug":"mesmerize","status":"publish","type":"page","link":"https:\/\/portafolio.seguridadenlinea.com.co\/","title":{"rendered":"Front Page"},"content":{"rendered":"<div  data-label=\"SISTEMAS DE CIRCUITO CERRADO DE TELEVISION\" data-id=\"content--5\" data-export-id=\"content-7\" data-category=\"content\" class=\"content-7 content-section content-section-spacing\" id=\"sistemas-de-circuito-cerrado-de-television\" style=\"background-color: rgb(255, 255, 255);\"><div  class=\"gridContainer\"> <div  class=\"row middle-sm\"><div  class=\"col-sm-6 space-bottom-xs\" data-type=\"column\"> <h2  class=\"\">SISTEMAS DE CIRCUITO CERRADO DE TELEVISI\u00d3N HD E IP<\/h2> <p  class=\"\">Sistemas NVR, XVR, C\u00e1maras Bullet, Domo, Ciberdomos, Anal\u00edtica de Video. Accesorios: Fuentes de alimentaci\u00f3n, Switches, Conectores, Cables, Housing, Soportes, Mesas controladoras, C\u00e1maras ocultasSistemas NVR, XVR, C\u00e1maras Bullet, Domo, Ciberdomos, Anal\u00edtica de Video. Accesorios: Fuentes de alimentaci\u00f3n, Switches, Conectores, Cables, Housing, Soportes, Mesas controladoras, C\u00e1maras ocultas<\/p> <img  decoding=\"async\" class=\"custom-image\" src=\"https:\/\/portafolio.seguridadenlinea.com.co\/wp-content\/uploads\/2024\/11\/cropped-Marcas-CCTV-2.png\" alt=\"\" title=\"cropped-Marcas-CCTV-2.png\"><\/div> <div  class=\"col-sm-6\" data-type=\"column\"> <a  data-cp-link=\"1\" href=\"#\" class=\"\" target=\"_self\"><img  decoding=\"async\" class=\"shadow-large\" src=\"https:\/\/portafolio.seguridadenlinea.com.co\/wp-content\/uploads\/2024\/11\/cropped-CAMARAS-NUEVAS.png\" alt=\"\" title=\"cropped-Sistemas-de-CCTV-HD-02.png\"><\/a><\/div> <\/div><\/div> <\/div><div  data-label=\"SISTEMAS DE CONTROL DE ACCESO PEATONAL\" data-id=\"content--2\" data-export-id=\"content-8\" data-category=\"content\" class=\"content-8 content-section content-section-spacing\" id=\"sistemas-de-control-de-acceso-peatonal\" style=\"background-color: rgb(245, 250, 253); background-image: none;\"><div  class=\"gridContainer\"> <div  class=\"row middle-sm\"><div  class=\"col-sm-6 space-bottom-xs space-top-xs\" data-type=\"column\"> <a  data-cp-link=\"1\" href=\"#\" class=\"\"><img  decoding=\"async\" class=\"shadow-large\" src=\"https:\/\/portafolio.seguridadenlinea.com.co\/wp-content\/uploads\/2024\/11\/cropped-ACCESO-PEATONAL-NUEVO.png\" alt=\"\" title=\"cropped-ACCESO-PEATONAL-NUEVO.png\"><\/a><\/div> <div  class=\"col-sm-6\" data-type=\"column\"><h2  class=\"\">SISTEMAS DE CONTROL DE ACCESO PEATONAL<\/h2> <p  class=\"\">Lectura de Huella Dactilar, Biometr\u00eda de la Mano, Facial, Iris, Voz; C\u00f3digo de barras, teclados, tarjetas y llaveros de Proximidad, Software de Visitantes, Electroimanes, Brazos Hidr\u00e1ulicos, Molinetes, esclusas, etc.\n<\/p> <img  decoding=\"async\" class=\"custom-image\" src=\"https:\/\/portafolio.seguridadenlinea.com.co\/wp-content\/uploads\/2019\/09\/cropped-Marcas-Acceso-Peatonal.png\" alt=\"\" title=\"cropped-Marcas-Acceso-Peatonal.png\"><\/div> <\/div><\/div> <\/div><div  data-label=\"SISTEMAS DE CONTROL DE ACCESO VEHICULAR\" data-id=\"content--3\" data-export-id=\"content-3\" data-category=\"content\" class=\"content-3 content-section content-section-spacing\" id=\"sistemas-de-control-de-acceso-vehicular\" style=\"background-color: rgb(255, 255, 255); background-image: none;\"><div  class=\"gridContainer\"> <div  class=\"row middle-xs\"><div  class=\"col-sm-7 full-col-left-padding full-col-right-padding\"> <div  class=\"row\"><div  data-type=\"column\" class=\"space-bottom-small content-title-col content-center-sm\">  <h2  class=\"\">SISTEMAS DE CONTROL DE ACCESO VEHICULAR<\/h2><p  class=\"\">Automatizaciones con Lectoras de proximidad de largo alcance, Antenas receptores con controles inal\u00e1mbricos, Antenas lectoras de largo alcance RFID con Tags instalados en el panor\u00e1mico del carro y Software para registro,Motores para puertas batientes,corredizas, plegables, Talanqueras, Sem\u00e1foros.\n<\/p> <img  decoding=\"async\" class=\"custom-image\" src=\"https:\/\/portafolio.seguridadenlinea.com.co\/wp-content\/uploads\/2019\/09\/cropped-Marcas-Acceso-Vehicular-1.png\" alt=\"Marcas Acceso Vehicular\" title=\"cropped-Marcas-Acceso-Vehicular-1.png\"><\/div> <\/div> <div  class=\"row spaced-cols center-sm\" data-type=\"row\">    <div  class=\"col-xs-6 col-md-4\" data-type=\"column\"> <\/div><div  class=\"col-xs-6 col-md-4\" data-type=\"column\"> <\/div> <\/div><\/div> <div  class=\"col-sm-5 bg-image shadow-large-black revert-classes-holder\" data-bg=\"image\" style=\"background-image: url(&quot;https:\/\/portafolio.seguridadenlinea.com.co\/wp-content\/uploads\/2024\/11\/cropped-Diseno-sin-titulo-2-2.png&quot;);\"><\/div><\/div> <\/div><\/div><div  data-label=\"SISTEMAS DE ALARMAS\" data-id=\"content--4\" data-export-id=\"content-2\" data-category=\"content\" class=\"content-2 content-section content-section-spacing\" id=\"sistemas-de-alarmas\" style=\"background-color: rgb(245, 250, 253); background-image: none;\"><div  class=\"gridContainer\"> <div  class=\"row middle-xs\"><div  class=\"col-sm-5 bg-image shadow-large-black\" data-bg=\"image\" style=\"background-image: url(&quot;https:\/\/portafolio.seguridadenlinea.com.co\/wp-content\/uploads\/2024\/11\/cropped-ALARMAS-NUEVA-2-1.png&quot;);\"><\/div> <div  class=\"col-sm-7 full-col-left-padding full-col-right-padding\"> <div  class=\"row\"> <div  data-type=\"column\" class=\"space-bottom-small content-title-col content-center-sm\">  <h2  class=\"\">\n<br ><br >SISTEMAS DE ALARMAS<\/h2> <p  class=\"\">Alarmas Al\u00e1mbricas e Inal\u00e1mbricas para Industria, Bodegas, Residencias, Oficinas, Locales Comerciales (Control &amp; detecci\u00f3n de Incendios), detectores de humo, Sensores doble tecnolog\u00eda, sensores de movimiento 360\u00b0, Sensores detecci\u00f3n ruptura de vidrios y sensores puerta abierta.<\/p><img  decoding=\"async\" class=\"custom-image\" src=\"https:\/\/portafolio.seguridadenlinea.com.co\/wp-content\/uploads\/2024\/11\/cropped-cropped-Marcas-Alarmas-1.png\" alt=\"\" title=\"cropped-cropped-Marcas-Alarmas-1.png\"><\/div> <\/div> <div  class=\"row spaced-cols start-sm content-left-sm\" data-type=\"row\">    <div  class=\"col-xs-6\" data-type=\"column\"> <\/div><div  class=\"col-xs-6\" data-type=\"column\"> <\/div> <\/div><\/div> <\/div><\/div> <\/div><div  data-label=\"SISTEMAS DE PROTECCION PERIMETRAL\" data-id=\"about--1\" data-export-id=\"about-10\" data-category=\"about\" class=\"about-10 content-section content-section-spacing\" id=\"sistemas-de-proteccion-perimetral\" style=\"background-color: rgb(255, 255, 255);\"><div  class=\"gridContainer\"> <div  class=\"row middle-sm text-center\"><div  class=\"col-sm-5 space-bottom-xs content-column\" data-type=\"column\">  <h2  class=\"\">SISTEMAS DE PROTECCI\u00d3N PERIMETRAL<\/h2> <p  class=\"\">Barreras fotoel\u00e9ctricas, Sensores de proximidad, Concertinas, Estiletes, Cercas El\u00e9ctricas con electrificadores de Alto Voltaje y Electrificadores     Sensorizados<br >\n<\/p> <img  decoding=\"async\" class=\"custom-image\" src=\"https:\/\/portafolio.seguridadenlinea.com.co\/wp-content\/uploads\/2019\/09\/cropped-Marcas-Perimetral.png\" alt=\"\" title=\"cropped-Marcas-Perimetral.png\"><\/div> <div  class=\"col-sm-7 flexbox middle-xs center-xs space-bottom-xs\"><div  class=\"overlay-box middle-xs center-xs flexbox\"> <div  class=\"overlay-box-offset offset-border shadow-medium border-color1 hide-xs\"><\/div> <img  decoding=\"async\" class=\"shadow-large\" data-size=\"485x705\" src=\"https:\/\/portafolio.seguridadenlinea.com.co\/wp-content\/uploads\/2024\/11\/cropped-CERCA.png\" alt=\"\" title=\"cropped-CERCA.png\"><\/div> <\/div><\/div> <\/div><\/div><div  data-label=\"SISTEMAS DE COMUNICACION\" data-id=\"about--2\" data-export-id=\"about-4\" data-category=\"about\" class=\"about-4 content-section content-section-spacing\" id=\"sistemas-de-comunicacion\" style=\"background-color: rgb(245, 250, 253);\"><div  class=\"gridContainer\"> <div  class=\"row middle-sm text-center\"><div  class=\"col-sm-5 space-bottom-xs content-center-sm\" data-type=\"column\">  <h2  class=\"\">SISTEMAS DE COMUNICACI\u00d3N<\/h2> <p  class=\"\">Consolas de Citofon\u00eda Digitales para Monitoreo de Porter\u00edas y\/o Recepciones, Plantas Telef\u00f3nicas para empresas, Citofon\u00eda Virtual con M\u00f3dulos de control de visitantes. Parlante porteros y Video Porteros.Consolas de Citofon\u00eda Digitales para Monitoreo de Porter\u00edas y\/o Recepciones, Plantas Telef\u00f3nicas para empresas, Citofon\u00eda Virtual con M\u00f3dulos de control de visitantes. Porteros y Video Porteros.\n\n<\/p> <a  data-cp-link=\"1\" href=\"#\" class=\"\"><img  decoding=\"async\" class=\"custom-image\" src=\"https:\/\/portafolio.seguridadenlinea.com.co\/wp-content\/uploads\/2019\/09\/cropped-Marcas-Comunicacion.png\" alt=\"\" title=\"cropped-Marcas-Comunicacion.png\"><\/a><\/div> <div  class=\"col-sm-7 flexbox center-xs middle-xs image-group-2-img\"> <img  decoding=\"async\" class=\"img-1 shadow-large\" data-size=\"250x200\" src=\"https:\/\/portafolio.seguridadenlinea.com.co\/wp-content\/uploads\/2024\/11\/cropped-dahua.png\" alt=\"\" title=\"cropped-dahua.png\"> <img  decoding=\"async\" class=\"img-2 shadow-large\" data-size=\"220x170\" src=\"https:\/\/portafolio.seguridadenlinea.com.co\/wp-content\/uploads\/2024\/11\/cropped-hipcam.png\" alt=\"\" title=\"cropped-hipcam.png\"><\/div> <\/div><\/div> <\/div><div  data-label=\"ANALITICA DE VIDEO\" data-id=\"features--1\" data-export-id=\"features-16-card-bordered\" data-category=\"features\" class=\"features-16-card-bordered content-section content-section-spacing\" id=\"analitica-de-video\" style=\"background-color: rgb(255, 255, 255);\"><div  class=\"gridContainer\"> <div  class=\"row text-center\"><div  class=\"section-title-col\" data-type=\"column\"> <h2  class=\"\">ANALITICA DE VIDEO<\/h2> <p  class=\"lead\">El v\u00eddeo an\u00e1lisis basado en deep learning y algoritmos de inteligencia artificial permite la detecci\u00f3n temprana de intrusos. Con ello, se reducen notablemente los costes de instalaci\u00f3n,mantenimiento y se optimizan los recursos de personal.&nbsp;<\/p><\/div> <\/div> <div  class=\"row spaced-cols center-sm\" data-type=\"row\">  <div  class=\"col-xs-12 col-sm-6 col-md-4\"><div  class=\"card no-padding bordered y-move\"> <img  decoding=\"async\" class=\"face\" src=\"https:\/\/portafolio.seguridadenlinea.com.co\/wp-content\/uploads\/2024\/11\/cropped-6.png\" title=\"cropped-6.png\" alt=\"\"> <div  data-type=\"column\" class=\"col-padding-small col-padding-small-xs description-container\"> <h4  class=\"font-500\">\u00bfQu\u00e9 es el v\u00eddeo an\u00e1lisis inteligente?<\/h4> <p  class=\"\">La anal\u00edtica de v\u00eddeo se puede utilizar para el rastreo y la detecci\u00f3n de personas y objetos dentro de un clip de v\u00eddeo. Esta funcionalidad es clave en sistemas de videovigilancia CCTV perimetral, un campo en pleno crecimiento y con un potencial inmenso.<\/p><\/div> <div  data-type=\"column\" class=\"col-padding-small col-padding-small-xs read-more-container\"><\/div> <\/div><\/div>  <\/div><\/div> <\/div><div  data-label=\"PORTERIA REMOTA\" data-id=\"about--3\" data-export-id=\"about-9\" data-category=\"about\" class=\"about-9 content-section content-section-spacing\" id=\"porteria-remota\" style=\"background-color: rgb(245, 250, 253);\"><div  class=\"gridContainer\"> <div  class=\"row middle-sm text-center\"><div  class=\"col-sm-5 space-bottom-xs content-column content-left-sm\" data-type=\"column\">  <h2  class=\"\">PORTERIA REMOTA<\/h2> <p  class=\"\">En un mundo cada vez m\u00e1s interconectado, la seguridad y la comodidad son aspectos esenciales en la gesti\u00f3n de condominios y edificios residenciales y comerciales. Una de las soluciones innovadoras que est\u00e1 revolucionando la forma en que manejamos el acceso a las instalaciones es la tecnolog\u00eda de Porter\u00eda Remota.\n<br ><br >La porter\u00eda remota es un sistema automatizado de dispositivos que monitorean y controlan el acceso a un condominio. Estos equipos est\u00e1n integrados y son gestionados por un operador a distancia.<\/p> <\/div> <div  class=\"col-sm-7 flexbox flexbox middle-xs center-xs space-bottom-xs\"><div  class=\"overlay-box flexbox middle-xs center-xs overlay-holder \"> <div  class=\"overlay-box-offset offset-background shadow-medium bg-color2 hide-xs\"><\/div> <img decoding=\"async\"  class=\"flexbox shadow-large img1\" src=\"https:\/\/portafolio.seguridadenlinea.com.co\/wp-content\/uploads\/2024\/11\/cropped-PORTERIA.png\" data-size=\"600x400\" title=\"cropped-PORTERIA.png\" alt=\"\"><\/div> <\/div><\/div> <\/div><\/div>","protected":false},"excerpt":{"rendered":"<p>SISTEMAS DE CIRCUITO CERRADO DE TELEVISI\u00d3N HD E IP Sistemas NVR, XVR, C\u00e1maras Bullet, Domo, Ciberdomos, Anal\u00edtica de Video. Accesorios: Fuentes de alimentaci\u00f3n, Switches, Conectores, Cables, Housing, Soportes, Mesas controladoras, C\u00e1maras ocultasSistemas NVR, XVR, C\u00e1maras Bullet, Domo, Ciberdomos, Anal\u00edtica de Video. Accesorios: Fuentes de alimentaci\u00f3n, Switches, Conectores, Cables, Housing, Soportes, Mesas controladoras, C\u00e1maras ocultas SISTEMAS&hellip; <br \/> <a class=\"read-more\" href=\"https:\/\/portafolio.seguridadenlinea.com.co\/\">Leer m\u00e1s<\/a><\/p>\n","protected":false},"author":1,"featured_media":0,"parent":0,"menu_order":0,"comment_status":"closed","ping_status":"closed","template":"page-templates\/homepage.php","meta":{"footnotes":""},"class_list":["post-5","page","type-page","status-publish","hentry"],"_links":{"self":[{"href":"https:\/\/portafolio.seguridadenlinea.com.co\/index.php?rest_route=\/wp\/v2\/pages\/5","targetHints":{"allow":["GET"]}}],"collection":[{"href":"https:\/\/portafolio.seguridadenlinea.com.co\/index.php?rest_route=\/wp\/v2\/pages"}],"about":[{"href":"https:\/\/portafolio.seguridadenlinea.com.co\/index.php?rest_route=\/wp\/v2\/types\/page"}],"author":[{"embeddable":true,"href":"https:\/\/portafolio.seguridadenlinea.com.co\/index.php?rest_route=\/wp\/v2\/users\/1"}],"replies":[{"embeddable":true,"href":"https:\/\/portafolio.seguridadenlinea.com.co\/index.php?rest_route=%2Fwp%2Fv2%2Fcomments&post=5"}],"version-history":[{"count":83,"href":"https:\/\/portafolio.seguridadenlinea.com.co\/index.php?rest_route=\/wp\/v2\/pages\/5\/revisions"}],"predecessor-version":[{"id":397,"href":"https:\/\/portafolio.seguridadenlinea.com.co\/index.php?rest_route=\/wp\/v2\/pages\/5\/revisions\/397"}],"wp:attachment":[{"href":"https:\/\/portafolio.seguridadenlinea.com.co\/index.php?rest_route=%2Fwp%2Fv2%2Fmedia&parent=5"}],"curies":[{"name":"wp","href":"https:\/\/api.w.org\/{rel}","templated":true}]}}